{"id":679,"date":"2018-05-30T07:49:12","date_gmt":"2018-05-30T07:49:12","guid":{"rendered":"https:\/\/hidromentori.com\/index.php\/home\/"},"modified":"2018-06-14T07:30:10","modified_gmt":"2018-06-14T07:30:10","slug":"home","status":"publish","type":"page","link":"https:\/\/hidromentori.com\/index.php\/home\/?lang=sq","title":{"rendered":"Home"},"content":{"rendered":"<div class=\"wpb-content-wrapper\"><p>[vc_row full_width=&#8221;stretch_row&#8221; bg_type=&#8221;image&#8221; parallax_style=&#8221;vcpb-default&#8221; bg_image_new=&#8221;id^55|url^https:\/\/hidromentori.com\/wp-content\/uploads\/2018\/05\/slider.jpg|caption^null|alt^null|title^null|description^null&#8221; bg_image_repeat=&#8221;no-repeat&#8221; bg_override=&#8221;ex-full&#8221; css=&#8221;.vc_custom_1527763842098{margin-top: -70px !important;padding-top: 32px !important;padding-bottom: 32px !important;}&#8221;][vc_column width=&#8221;1\/3&#8243; offset=&#8221;vc_hidden-xs&#8221;][vc_custom_heading text=&#8221;PROBLEME&#8221; font_container=&#8221;tag:h2|font_size:65px|text_align:left|color:%231e489a&#8221; google_fonts=&#8221;font_family:Fira%20Sans%3A300%2C300italic%2C400%2C400italic%2C500%2C500italic%2C700%2C700italic|font_style:700%20bold%20regular%3A700%3Anormal&#8221; css=&#8221;.vc_custom_1528961256603{margin-top: -20px !important;}&#8221;][vc_empty_space height=&#8221;30px&#8221;][vc_custom_heading text=&#8221;HIDRAULIKE?&#8221; font_container=&#8221;tag:h2|font_size:65px|text_align:left|color:%231e489a&#8221; google_fonts=&#8221;font_family:Fira%20Sans%3A300%2C300italic%2C400%2C400italic%2C500%2C500italic%2C700%2C700italic|font_style:700%20bold%20regular%3A700%3Anormal&#8221; css=&#8221;.vc_custom_1528961265588{margin-top: -20px !important;}&#8221;][vc_empty_space height=&#8221;35px&#8221;][vc_custom_heading text=&#8221;Ne mund t&#8217;ju ndihmojm\u00eb!&#8221; font_container=&#8221;tag:h2|font_size:33px|text_align:left|color:%231e489a&#8221; google_fonts=&#8221;font_family:Fira%20Sans%3A300%2C300italic%2C400%2C400italic%2C500%2C500italic%2C700%2C700italic|font_style:400%20regular%3A400%3Anormal&#8221; css=&#8221;.vc_custom_1528961275147{margin-top: -20px !important;}&#8221;][\/vc_column][vc_column width=&#8221;2\/3&#8243; offset=&#8221;vc_hidden-xs&#8221;][vc_column_text css=&#8221;.vc_custom_1528101585793{margin-top: -25px !important;}&#8221;]<span style=\"color: #403e3e; font-size: 18px;\"><strong>Standarde moderne p\u00ebr furnizimin me uj\u00eb dhe kanalizimet n\u00eb Kosov\u00eb dhe Shqip\u00ebri.<\/strong><\/span>[\/vc_column_text][vc_column_text css=&#8221;.vc_custom_1528101724585{margin-top: -25px !important;}&#8221;]<\/p>\n<p style=\"text-align: justify;\">Kompania ka filluar veprimtarin\u00eb e saj q\u00eb nga fillimi i vitit 2002 si pjes\u00eb e kompanis\u00eb gjermane Friatec duke ofruar mb\u00ebshtetje nga Gjermania p\u00ebr tregun n\u00eb Kosov\u00eb dhe Shqip\u00ebri. Ne ofrojm\u00eb t\u00eb gjith\u00eb gam\u00ebn e produkteve t\u00eb ujit dhe kanalizimeve si tuba dhe rekorde polietileni, tuba, pompa uji etj.<\/p>\n<p>[\/vc_column_text][vc_btn title=&#8221;RRETH NESH&#8221; style=&#8221;custom&#8221; custom_background=&#8221;#1e489a&#8221; custom_text=&#8221;#ffffff&#8221; shape=&#8221;square&#8221; align=&#8221;left&#8221; i_align=&#8221;right&#8221; i_icon_fontawesome=&#8221;fa fa-handshake-o&#8221; add_icon=&#8221;true&#8221; css=&#8221;.vc_custom_1528961282161{margin-top: -20px !important;}&#8221; link=&#8221;url:%2Findex.php%2Fabout-us%2F%3Flang%3Dsq|||&#8221;][\/vc_column][\/vc_row][vc_row full_width=&#8221;stretch_row&#8221; bg_type=&#8221;image&#8221; parallax_style=&#8221;vcpb-default&#8221; bg_image_new=&#8221;id^55|url^https:\/\/hidromentori.com\/wp-content\/uploads\/2018\/05\/slider.jpg|caption^null|alt^null|title^null|description^null&#8221; bg_image_repeat=&#8221;no-repeat&#8221; bg_override=&#8221;ex-full&#8221; css=&#8221;.vc_custom_1527763802258{padding-top: 32px !important;padding-bottom: 32px !important;}&#8221;][vc_column width=&#8221;1\/3&#8243; offset=&#8221;vc_hidden-lg vc_hidden-md vc_hidden-sm&#8221;][vc_custom_heading text=&#8221;PROBLEME&#8221; font_container=&#8221;tag:h2|font_size:40px|text_align:left|color:%231e489a&#8221; google_fonts=&#8221;font_family:Fira%20Sans%3A300%2C300italic%2C400%2C400italic%2C500%2C500italic%2C700%2C700italic|font_style:700%20bold%20regular%3A700%3Anormal&#8221; css=&#8221;.vc_custom_1528961298681{margin-top: -20px !important;}&#8221;][vc_empty_space height=&#8221;15px&#8221;][vc_custom_heading text=&#8221;HIDRAULIKE?&#8221; font_container=&#8221;tag:h2|font_size:40px|text_align:left|color:%231e489a&#8221; google_fonts=&#8221;font_family:Fira%20Sans%3A300%2C300italic%2C400%2C400italic%2C500%2C500italic%2C700%2C700italic|font_style:700%20bold%20regular%3A700%3Anormal&#8221; css=&#8221;.vc_custom_1528961308373{margin-top: -20px !important;}&#8221;][vc_empty_space height=&#8221;15px&#8221;][vc_custom_heading text=&#8221;Ne mund t&#8217;ju ndihmojm\u00eb!&#8221; font_container=&#8221;tag:h2|font_size:30px|text_align:left|color:%231e489a&#8221; google_fonts=&#8221;font_family:Fira%20Sans%3A300%2C300italic%2C400%2C400italic%2C500%2C500italic%2C700%2C700italic|font_style:400%20regular%3A400%3Anormal&#8221; css=&#8221;.vc_custom_1528961318553{margin-top: -20px !important;}&#8221;][\/vc_column][vc_column width=&#8221;2\/3&#8243; offset=&#8221;vc_hidden-lg vc_hidden-md vc_hidden-sm&#8221;][vc_column_text css=&#8221;.vc_custom_1528101887354{margin-top: -25px !important;}&#8221;]<span style=\"color: #403e3e; font-size: 18px;\"><strong>Standarde moderne p\u00ebr furnizimin me uj\u00eb dhe kanalizimet n\u00eb Kosov\u00eb dhe Shqip\u00ebri.<\/strong><\/span>[\/vc_column_text][vc_column_text css=&#8221;.vc_custom_1528101903640{margin-top: -25px !important;}&#8221;]<\/p>\n<p style=\"text-align: justify;\">Kompania ka filluar veprimtarin\u00eb e saj q\u00eb nga fillimi i vitit 2002 si pjes\u00eb e kompanis\u00eb gjermane Friatec duke ofruar mb\u00ebshtetje nga Gjermania p\u00ebr tregun n\u00eb Kosov\u00eb dhe Shqip\u00ebri. Ne ofrojm\u00eb t\u00eb gjith\u00eb gam\u00ebn e produkteve t\u00eb ujit dhe kanalizimeve si tuba dhe rekorde polietileni, tuba, pompa uji etj.<\/p>\n<p>[\/vc_column_text][vc_btn title=&#8221;RRETH NESH&#8221; style=&#8221;custom&#8221; custom_background=&#8221;#1e489a&#8221; custom_text=&#8221;#ffffff&#8221; shape=&#8221;square&#8221; align=&#8221;left&#8221; i_align=&#8221;right&#8221; i_icon_fontawesome=&#8221;fa fa-handshake-o&#8221; add_icon=&#8221;true&#8221; css=&#8221;.vc_custom_1528961325979{margin-top: -20px !important;}&#8221; link=&#8221;url:%2Findex.php%2Fabout-us%2F%3Flang%3Dsq|||&#8221;][vc_empty_space height=&#8221;40px&#8221;][\/vc_column][\/vc_row][vc_row full_width=&#8221;stretch_row&#8221; bg_type=&#8221;bg_color&#8221; bg_override=&#8221;ex-full&#8221; bg_color_value=&#8221;#2d2e42&#8243; css=&#8221;.vc_custom_1527763868449{margin-top: -70px !important;}&#8221;][vc_column][vc_empty_space][vc_custom_heading text=&#8221;CFARE OFROJM\u00cb&#8221; font_container=&#8221;tag:h2|font_size:32px|text_align:center|color:%23ffffff&#8221; google_fonts=&#8221;font_family:Fira%20Sans%3A300%2C300italic%2C400%2C400italic%2C500%2C500italic%2C700%2C700italic|font_style:500%20bold%20regular%3A500%3Anormal&#8221; css=&#8221;.vc_custom_1528101975104{margin-top: -20px !important;}&#8221;][vc_empty_space height=&#8221;15px&#8221;][vc_custom_heading text=&#8221;CDO DITE NE KRENOHEMI ME PUN\u00cbN TON\u00cb&#8221; font_container=&#8221;tag:h2|font_size:17px|text_align:center|color:%23eaeaea|line_height:25.6px&#8221; google_fonts=&#8221;font_family:Fira%20Sans%3A300%2C300italic%2C400%2C400italic%2C500%2C500italic%2C700%2C700italic|font_style:300%20light%20regular%3A300%3Anormal&#8221; css=&#8221;.vc_custom_1528102009157{margin-top: -20px !important;}&#8221;][vc_row_inner gap=&#8221;35&#8243;][vc_column_inner width=&#8221;1\/3&#8243;]<div class=\"ult-content-box-container \" >\t\t<div class=\"ult-content-box\" style=\"box-shadow: px px px px none;border-style:solid;border-width:1px;border-color:#ffffff;-webkit-transition: all 700ms ease;-moz-transition: all 700ms ease;-ms-transition: all 700ms ease;-o-transition: all 700ms ease;transition: all 700ms ease;\"  data-hover_box_shadow=\"none\"  data-hover_border_color=\"#3068c1\"     data-border_color=\"#ffffff\" >[vc_single_image image=&#8221;19&#8243; img_size=&#8221;full&#8221; image_hovers=&#8221;false&#8221;][vc_custom_heading text=&#8221;Furnizim me uj\u00eb&#8221; font_container=&#8221;tag:h2|font_size:23px|text_align:center|color:%23ffffff&#8221; google_fonts=&#8221;font_family:Fira%20Sans%3A300%2C300italic%2C400%2C400italic%2C500%2C500italic%2C700%2C700italic|font_style:400%20regular%3A400%3Anormal&#8221; css=&#8221;.vc_custom_1528102030540{margin-top: -20px !important;}&#8221;][vc_column_text]<\/p>\n<p style=\"text-align: center;\"><span style=\"color: #ffffff; line-height: 14px;\">Ne ofrojm\u00eb nj\u00eb gam\u00eb t\u00eb gjer\u00eb produktesh p\u00ebr furnizimin me uj\u00eb t\u00eb nd\u00ebrtimeve tuaja.<\/span><\/p>\n<p>[\/vc_column_text][vc_btn title=&#8221;M\u00cb SHUM\u00cb&#8221; style=&#8221;outline-custom&#8221; outline_custom_color=&#8221;#ffffff&#8221; outline_custom_hover_background=&#8221;#1e489a&#8221; outline_custom_hover_text=&#8221;#ffffff&#8221; shape=&#8221;square&#8221; size=&#8221;sm&#8221; align=&#8221;center&#8221; css=&#8221;.vc_custom_1528961334554{margin-top: -15px !important;}&#8221; link=&#8221;url:%2Findex.php%2Fwater-supply%2F%3Flang%3Dsq|||&#8221;]\t\t<\/div><\/div>[\/vc_column_inner][vc_column_inner width=&#8221;1\/3&#8243;]<div class=\"ult-content-box-container \" >\t\t<div class=\"ult-content-box\" style=\"box-shadow: px px px px none;border-style:solid;border-width:1px;border-color:#ffffff;-webkit-transition: all 700ms ease;-moz-transition: all 700ms ease;-ms-transition: all 700ms ease;-o-transition: all 700ms ease;transition: all 700ms ease;\"  data-hover_box_shadow=\"none\"  data-hover_border_color=\"#3068c1\"     data-border_color=\"#ffffff\" >[vc_single_image image=&#8221;420&#8243; img_size=&#8221;full&#8221; image_hovers=&#8221;false&#8221;][vc_custom_heading text=&#8221;Kanalizime&#8221; font_container=&#8221;tag:h2|font_size:23px|text_align:center|color:%23ffffff&#8221; google_fonts=&#8221;font_family:Fira%20Sans%3A300%2C300italic%2C400%2C400italic%2C500%2C500italic%2C700%2C700italic|font_style:400%20regular%3A400%3Anormal&#8221; css=&#8221;.vc_custom_1528102041401{margin-top: -20px !important;}&#8221;][vc_column_text]<\/p>\n<p style=\"text-align: center;\"><span style=\"color: #ffffff; line-height: 14px;\">Tek ne do t\u00eb gjeni t\u00eb gjitha llojet e produkteve p\u00ebr kanalizime p\u00ebr nd\u00ebrtimet tuaja.<\/span><\/p>\n<p>[\/vc_column_text][vc_btn title=&#8221;M\u00cb TEP\u00cbR&#8221; style=&#8221;outline-custom&#8221; outline_custom_color=&#8221;#ffffff&#8221; outline_custom_hover_background=&#8221;#1e489a&#8221; outline_custom_hover_text=&#8221;#ffffff&#8221; shape=&#8221;square&#8221; size=&#8221;sm&#8221; align=&#8221;center&#8221; css=&#8221;.vc_custom_1528961341256{margin-top: -15px !important;}&#8221; link=&#8221;url:%2Findex.php%2Fsewers%2F%3Flang%3Dsq|||&#8221;]\t\t<\/div><\/div>[\/vc_column_inner][vc_column_inner width=&#8221;1\/3&#8243;]<div class=\"ult-content-box-container \" >\t\t<div class=\"ult-content-box\" style=\"box-shadow: px px px px none;border-style:solid;border-width:1px;border-color:#ffffff;-webkit-transition: all 700ms ease;-moz-transition: all 700ms ease;-ms-transition: all 700ms ease;-o-transition: all 700ms ease;transition: all 700ms ease;\"  data-hover_box_shadow=\"none\"  data-hover_border_color=\"#3068c1\"     data-border_color=\"#ffffff\" >[vc_single_image image=&#8221;415&#8243; img_size=&#8221;full&#8221; image_hovers=&#8221;false&#8221;][vc_custom_heading text=&#8221;Industri&#8221; font_container=&#8221;tag:h2|font_size:23px|text_align:center|color:%23ffffff&#8221; google_fonts=&#8221;font_family:Fira%20Sans%3A300%2C300italic%2C400%2C400italic%2C500%2C500italic%2C700%2C700italic|font_style:400%20regular%3A400%3Anormal&#8221; css=&#8221;.vc_custom_1528102049346{margin-top: -20px !important;}&#8221;][vc_column_text]<\/p>\n<p style=\"text-align: center;\"><span style=\"color: #ffffff; line-height: 14px;\">Ne ofrojm\u00eb nj\u00eb gam\u00eb t\u00eb gjer\u00eb produktesh industriale p\u00ebr nd\u00ebrtimet tuaja.<br \/>\n<\/span><\/p>\n<p>[\/vc_column_text][vc_btn title=&#8221;M\u00cb TEP\u00cbR&#8221; style=&#8221;outline-custom&#8221; outline_custom_color=&#8221;#ffffff&#8221; outline_custom_hover_background=&#8221;#1e489a&#8221; outline_custom_hover_text=&#8221;#ffffff&#8221; shape=&#8221;square&#8221; size=&#8221;sm&#8221; align=&#8221;center&#8221; css=&#8221;.vc_custom_1528961347423{margin-top: -15px !important;}&#8221; link=&#8221;url:%2Findex.php%2Findustry%2F%3Flang%3Dsq|||&#8221;]\t\t<\/div><\/div>[\/vc_column_inner][\/vc_row_inner][vc_empty_space][\/vc_column][\/vc_row][vc_row full_width=&#8221;stretch_row&#8221;][vc_column][vc_empty_space][vc_custom_heading text=&#8221;P\u00cbRSE DUHET T\u00cb NA ZGJIDHNI NE&#8221; font_container=&#8221;tag:h2|font_size:32px|text_align:left|color:%231e489a&#8221; google_fonts=&#8221;font_family:Fira%20Sans%3A300%2C300italic%2C400%2C400italic%2C500%2C500italic%2C700%2C700italic|font_style:500%20bold%20regular%3A500%3Anormal&#8221; css=&#8221;.vc_custom_1528961361467{margin-top: -20px !important;}&#8221;][vc_row_inner gap=&#8221;35&#8243;][vc_column_inner width=&#8221;1\/2&#8243;][vc_empty_space]<div class=\"aio-icon-component    style_1\"><div id=\"Info-box-wrap-2038\" class=\"aio-icon-box left-icon\" style=\"\"  ><div class=\"aio-icon-left\"><div class=\"ult-just-icon-wrapper  \"><div class=\"align-icon\" style=\"text-align:center;\">\n<div class=\"aio-icon-img \" style=\"font-size:60px;display:inline-block;\" >\n\t<img decoding=\"async\" class=\"img-icon\" alt=\"null\" src=\"https:\/\/hidromentori.com\/wp-content\/uploads\/2018\/05\/image51.png\"\/>\n<\/div><\/div><\/div><\/div><div class=\"aio-ibd-block\"><div class=\"aio-icon-header\" ><h3 class=\"aio-icon-title ult-responsive\"  data-ultimate-target='#Info-box-wrap-2038 .aio-icon-title'  data-responsive-json-new='{\"font-size\":\"desktop:18px;\",\"line-height\":\"\"}'  style=\"font-weight:bold;\">Kompani e suksesshme<\/h3><\/div> <!-- header --><div class=\"aio-icon-description ult-responsive\"  data-ultimate-target='#Info-box-wrap-2038 .aio-icon-description'  data-responsive-json-new='{\"font-size\":\"\",\"line-height\":\"\"}'  style=\"\"><\/p>\n<p style=\"text-align: left;\">Kompania jon\u00eb ofron produkte t\u00eb ndryshme hidraulike si n\u00eb Shqip\u00ebri ashtu edhe n\u00eb Kosov\u00eb.<\/p>\n<p><\/div> <!-- description --><\/div> <!-- aio-ibd-block --><\/div> <!-- aio-icon-box --><\/div> <!-- aio-icon-component --><div class=\"aio-icon-component    style_1\"><div id=\"Info-box-wrap-6480\" class=\"aio-icon-box left-icon\" style=\"\"  ><div class=\"aio-icon-left\"><div class=\"ult-just-icon-wrapper  \"><div class=\"align-icon\" style=\"text-align:center;\">\n<div class=\"aio-icon-img \" style=\"font-size:60px;display:inline-block;\" >\n\t<img decoding=\"async\" class=\"img-icon\" alt=\"null\" src=\"https:\/\/hidromentori.com\/wp-content\/uploads\/2018\/05\/image52.png\"\/>\n<\/div><\/div><\/div><\/div><div class=\"aio-ibd-block\"><div class=\"aio-icon-header\" ><h3 class=\"aio-icon-title ult-responsive\"  data-ultimate-target='#Info-box-wrap-6480 .aio-icon-title'  data-responsive-json-new='{\"font-size\":\"desktop:18px;\",\"line-height\":\"\"}'  style=\"font-weight:bold;\">Punime hidraulike n\u00eb terren<\/h3><\/div> <!-- header --><div class=\"aio-icon-description ult-responsive\"  data-ultimate-target='#Info-box-wrap-6480 .aio-icon-description'  data-responsive-json-new='{\"font-size\":\"\",\"line-height\":\"\"}'  style=\"\"><\/p>\n<p style=\"text-align: left;\">Kur b\u00ebhet fjal\u00eb p\u00ebr punime n\u00eb terren apo pajisje hidraulike, kompania jon\u00eb ofron punime n\u00eb koh\u00eb t\u00eb shpejt\u00eb dhe me kosto efektive.<\/p>\n<p><\/div> <!-- description --><\/div> <!-- aio-ibd-block --><\/div> <!-- aio-icon-box --><\/div> <!-- aio-icon-component --><div class=\"aio-icon-component    style_1\"><div id=\"Info-box-wrap-5306\" class=\"aio-icon-box left-icon\" style=\"\"  ><div class=\"aio-icon-left\"><div class=\"ult-just-icon-wrapper  \"><div class=\"align-icon\" style=\"text-align:center;\">\n<div class=\"aio-icon-img \" style=\"font-size:60px;display:inline-block;\" >\n\t<img decoding=\"async\" class=\"img-icon\" alt=\"null\" src=\"https:\/\/hidromentori.com\/wp-content\/uploads\/2018\/06\/image53.png\"\/>\n<\/div><\/div><\/div><\/div><div class=\"aio-ibd-block\"><div class=\"aio-icon-header\" ><h3 class=\"aio-icon-title ult-responsive\"  data-ultimate-target='#Info-box-wrap-5306 .aio-icon-title'  data-responsive-json-new='{\"font-size\":\"desktop:18px;\",\"line-height\":\"\"}'  style=\"font-weight:bold;\">Punime hidraulike emergjente<\/h3><\/div> <!-- header --><div class=\"aio-icon-description ult-responsive\"  data-ultimate-target='#Info-box-wrap-5306 .aio-icon-description'  data-responsive-json-new='{\"font-size\":\"\",\"line-height\":\"\"}'  style=\"\"><\/p>\n<p style=\"text-align: left;\">Ne asnj\u00ebher\u00eb nuk e dim\u00eb kur nj\u00eb problem hidraulik ndodh, por jemi p\u00ebrher\u00eb t\u00eb gatsh\u00ebm p\u00eb zgjidhjen e defektit n\u00eb \u00e7do koh\u00eb.<\/p>\n<p><\/div> <!-- description --><\/div> <!-- aio-ibd-block --><\/div> <!-- aio-icon-box --><\/div> <!-- aio-icon-component -->[\/vc_column_inner][vc_column_inner width=&#8221;1\/2&#8243;][vc_single_image image=&#8221;52&#8243; img_size=&#8221;full&#8221; alignment=&#8221;center&#8221; css=&#8221;.vc_custom_1527675769074{margin-top: -35px !important;}&#8221;][\/vc_column_inner][\/vc_row_inner][\/vc_column][\/vc_row][vc_row full_width=&#8221;stretch_row&#8221; bg_type=&#8221;image&#8221; parallax_style=&#8221;vcpb-default&#8221; bg_image_new=&#8221;id^40|url^https:\/\/hidromentori.com\/wp-content\/uploads\/2018\/05\/parallax-3.jpg|caption^null|alt^null|title^null|description^null&#8221; bg_image_repeat=&#8221;no-repeat&#8221; bg_img_attach=&#8221;fixed&#8221; bg_override=&#8221;ex-full&#8221; css=&#8221;.vc_custom_1527675090949{margin-bottom: -70px !important;}&#8221;][vc_column][vc_empty_space height=&#8221;100px&#8221;][vc_custom_heading text=&#8221;Teknik\u00eb t\u00eb li\u00e7ensuar do t\u00eb japin m\u00eb t\u00eb mir\u00ebn p\u00ebr nj\u00eb pun\u00eb serioze&#8221; font_container=&#8221;tag:h2|font_size:40px|text_align:left|color:%23ffffff&#8221; google_fonts=&#8221;font_family:Fira%20Sans%3A300%2C300italic%2C400%2C400italic%2C500%2C500italic%2C700%2C700italic|font_style:700%20bold%20regular%3A700%3Anormal&#8221; css=&#8221;.vc_custom_1528103151578{margin-top: -20px !important;}&#8221;][vc_empty_space height=&#8221;10px&#8221;][vc_custom_heading text=&#8221;P\u00ebr m\u00eb shum\u00eb informacion, mos hezitoni t\u00eb na kontaktoni&#8221; font_container=&#8221;tag:h2|font_size:25px|text_align:left|color:%23ffffff&#8221; google_fonts=&#8221;font_family:Fira%20Sans%3A300%2C300italic%2C400%2C400italic%2C500%2C500italic%2C700%2C700italic|font_style:500%20bold%20regular%3A500%3Anormal&#8221; css=&#8221;.vc_custom_1528102780833{margin-top: -20px !important;}&#8221;][vc_empty_space][vc_btn title=&#8221;KONTAKTONI ME NE&#8221; style=&#8221;outline-custom&#8221; outline_custom_color=&#8221;#ffffff&#8221; outline_custom_hover_background=&#8221;#1e489a&#8221; outline_custom_hover_text=&#8221;#ffffff&#8221; shape=&#8221;square&#8221; align=&#8221;left&#8221; css=&#8221;.vc_custom_1528961384797{margin-top: -15px !important;}&#8221; link=&#8221;url:%2Findex.php%2Fcontact%2F%3Flang%3Dsq|||&#8221;][vc_empty_space height=&#8221;80px&#8221;][\/vc_column][\/vc_row]<\/p>\n<\/div>","protected":false},"excerpt":{"rendered":"<p>[vc_row full_width=&#8221;stretch_row&#8221; bg_type=&#8221;image&#8221; parallax_style=&#8221;vcpb-default&#8221; bg_image_new=&#8221;id^55|url^https:\/\/hidromentori.com\/wp-content\/uploads\/2018\/05\/slider.jpg|caption^null|alt^null|title^null|description^null&#8221; bg_image_repeat=&#8221;no-repeat&#8221; bg_override=&#8221;ex-full&#8221; css=&#8221;.vc_custom_1527763842098{margin-top: -70px !important;padding-top: 32px !important;padding-bottom: 32px !important;}&#8221;][vc_column width=&#8221;1\/3&#8243; offset=&#8221;vc_hidden-xs&#8221;][vc_custom_heading text=&#8221;PROBLEME&#8221; font_container=&#8221;tag:h2|font_size:65px|text_align:left|color:%231e489a&#8221; google_fonts=&#8221;font_family:Fira%20Sans%3A300%2C300italic%2C400%2C400italic%2C500%2C500italic%2C700%2C700italic|font_style:700%20bold%20regular%3A700%3Anormal&#8221; css=&#8221;.vc_custom_1528961256603{margin-top: -20px !important;}&#8221;][vc_empty_space height=&#8221;30px&#8221;][vc_custom_heading text=&#8221;HIDRAULIKE?&#8221; font_container=&#8221;tag:h2|font_size:65px|text_align:left|color:%231e489a&#8221; google_fonts=&#8221;font_family:Fira%20Sans%3A300%2C300italic%2C400%2C400italic%2C500%2C500italic%2C700%2C700italic|font_style:700%20bold%20regular%3A700%3Anormal&#8221; css=&#8221;.vc_custom_1528961265588{margin-top: -20px !important;}&#8221;][vc_empty_space height=&#8221;35px&#8221;][vc_custom_heading text=&#8221;Ne mund t&#8217;ju ndihmojm\u00eb!&#8221; font_container=&#8221;tag:h2|font_size:33px|text_align:left|color:%231e489a&#8221; google_fonts=&#8221;font_family:Fira%20Sans%3A300%2C300italic%2C400%2C400italic%2C500%2C500italic%2C700%2C700italic|font_style:400%20regular%3A400%3Anormal&#8221; css=&#8221;.vc_custom_1528961275147{margin-top: -20px !important;}&#8221;][\/vc_column][vc_column width=&#8221;2\/3&#8243; offset=&#8221;vc_hidden-xs&#8221;][vc_column_text css=&#8221;.vc_custom_1528101585793{margin-top: -25px !important;}&#8221;]Standarde moderne p\u00ebr furnizimin me uj\u00eb dhe kanalizimet n\u00eb Kosov\u00eb dhe Shqip\u00ebri.[\/vc_column_text][vc_column_text&hellip;<\/p>\n","protected":false},"author":2,"featured_media":0,"parent":0,"menu_order":0,"comment_status":"closed","ping_status":"closed","template":"","meta":{"footnotes":""},"class_list":["post-679","page","type-page","status-publish","hentry","description-off"],"_links":{"self":[{"href":"https:\/\/hidromentori.com\/index.php\/wp-json\/wp\/v2\/pages\/679","targetHints":{"allow":["GET"]}}],"collection":[{"href":"https:\/\/hidromentori.com\/index.php\/wp-json\/wp\/v2\/pages"}],"about":[{"href":"https:\/\/hidromentori.com\/index.php\/wp-json\/wp\/v2\/types\/page"}],"author":[{"embeddable":true,"href":"https:\/\/hidromentori.com\/index.php\/wp-json\/wp\/v2\/users\/2"}],"replies":[{"embeddable":true,"href":"https:\/\/hidromentori.com\/index.php\/wp-json\/wp\/v2\/comments?post=679"}],"version-history":[{"count":7,"href":"https:\/\/hidromentori.com\/index.php\/wp-json\/wp\/v2\/pages\/679\/revisions"}],"predecessor-version":[{"id":955,"href":"https:\/\/hidromentori.com\/index.php\/wp-json\/wp\/v2\/pages\/679\/revisions\/955"}],"wp:attachment":[{"href":"https:\/\/hidromentori.com\/index.php\/wp-json\/wp\/v2\/media?parent=679"}],"curies":[{"name":"wp","href":"https:\/\/api.w.org\/{rel}","templated":true}]}}