{"id":692,"date":"2018-06-01T15:58:24","date_gmt":"2018-06-01T15:58:24","guid":{"rendered":"https:\/\/hidromentori.com\/index.php\/produktet\/"},"modified":"2018-06-14T07:39:45","modified_gmt":"2018-06-14T07:39:45","slug":"produktet","status":"publish","type":"page","link":"https:\/\/hidromentori.com\/index.php\/produktet\/?lang=sq","title":{"rendered":"Produktet"},"content":{"rendered":"<div class=\"wpb-content-wrapper\"><p>[vc_row full_width=&#8221;stretch_row&#8221; css=&#8221;.vc_custom_1527868829983{margin-top: -70px !important;}&#8221;][vc_column][vc_empty_space height=&#8221;52px&#8221;][vc_custom_heading text=&#8221;CFARE OFROJM\u00cb&#8221; font_container=&#8221;tag:h2|font_size:32px|text_align:center|color:%231e489a&#8221; google_fonts=&#8221;font_family:Fira%20Sans%3A300%2C300italic%2C400%2C400italic%2C500%2C500italic%2C700%2C700italic|font_style:500%20bold%20regular%3A500%3Anormal&#8221; css=&#8221;.vc_custom_1528961878014{margin-top: -20px !important;}&#8221;][vc_empty_space height=&#8221;15px&#8221;][vc_custom_heading text=&#8221;CDO DITE NE KRENOHEMI ME PUN\u00cbN TON\u00cb&#8221; font_container=&#8221;tag:h2|font_size:17px|text_align:center|color:%231e489a|line_height:25.6px&#8221; google_fonts=&#8221;font_family:Fira%20Sans%3A300%2C300italic%2C400%2C400italic%2C500%2C500italic%2C700%2C700italic|font_style:500%20bold%20regular%3A500%3Anormal&#8221; css=&#8221;.vc_custom_1528961886701{margin-top: -20px !important;}&#8221;][vc_empty_space height=&#8221;35px&#8221;][vc_row_inner gap=&#8221;35&#8243;][vc_column_inner width=&#8221;1\/3&#8243;]<div class=\"ult-content-box-container \" >\t\t<div class=\"ult-content-box\" style=\"box-shadow: px px px px none;border-style:solid;border-width:1px;border-color:#2d2e42;-webkit-transition: all 700ms ease;-moz-transition: all 700ms ease;-ms-transition: all 700ms ease;-o-transition: all 700ms ease;transition: all 700ms ease;\"  data-hover_box_shadow=\"none\"  data-hover_border_color=\"#1e489a\"     data-border_color=\"#2d2e42\" >[vc_single_image image=&#8221;19&#8243; img_size=&#8221;full&#8221; image_hovers=&#8221;false&#8221;][vc_separator color=&#8221;custom&#8221; border_width=&#8221;5&#8243; accent_color=&#8221;#1e489a&#8221;]<div class=\"aio-icon-component  vc_custom_1528961942026   style_1\"><div id=\"Info-box-wrap-1362\" class=\"aio-icon-box left-icon\" style=\"\"  ><div class=\"aio-icon-left\"><div class=\"ult-just-icon-wrapper  \"><div class=\"align-icon\" style=\"text-align:center;\">\n<div class=\"aio-icon square \"  style=\"color:#ffffff;background:#1e489a;font-size:32px;display:inline-block;\">\n\t<i class=\"Defaults-tint\"><\/i>\n<\/div><\/div><\/div><\/div><div class=\"aio-ibd-block\"><div class=\"aio-icon-header\" ><h3 class=\"aio-icon-title ult-responsive\"  data-ultimate-target='#Info-box-wrap-1362 .aio-icon-title'  data-responsive-json-new='{\"font-size\":\"desktop:23px;\",\"line-height\":\"\"}'  style=\"\">Furnizim me uj\u00eb<\/h3><\/div> <!-- header --><\/div> <!-- aio-ibd-block --><\/div> <!-- aio-icon-box --><\/div> <!-- aio-icon-component -->[vc_separator color=&#8221;custom&#8221; accent_color=&#8221;#3466b8&#8243; css=&#8221;.vc_custom_1528098235335{margin-top: -45px !important;}&#8221;][vc_column_text css=&#8221;.vc_custom_1528103930699{margin-top: -20px !important;}&#8221;]<\/p>\n<p style=\"text-align: center;\"><span style=\"color: #000000; line-height: 14px;\">Ne ofrojm\u00eb nj\u00eb gam\u00eb t\u00eb gjer\u00eb produktesh p\u00ebr furnizimin me uj\u00eb t\u00eb nd\u00ebrtimeve tuaja.<\/span><\/p>\n<p>[\/vc_column_text][vc_btn title=&#8221;M\u00cb TEP\u00cbR&#8221; style=&#8221;custom&#8221; custom_background=&#8221;#1e489a&#8221; custom_text=&#8221;#ffffff&#8221; shape=&#8221;square&#8221; size=&#8221;sm&#8221; align=&#8221;center&#8221; css=&#8221;.vc_custom_1528961913934{margin-top: -15px !important;}&#8221; link=&#8221;url:%2Findex.php%2Fwater-supply%2F%3Flang%3Dsq|||&#8221;]\t\t<\/div><\/div>[\/vc_column_inner][vc_column_inner width=&#8221;1\/3&#8243;]<div class=\"ult-content-box-container \" >\t\t<div class=\"ult-content-box\" style=\"background-color:#ffffff;box-shadow: px px px px none;border-style:solid;border-width:1px;border-color:#2d2e42;-webkit-transition: all 700ms ease;-moz-transition: all 700ms ease;-ms-transition: all 700ms ease;-o-transition: all 700ms ease;transition: all 700ms ease;\"  data-hover_box_shadow=\"none\"  data-hover_border_color=\"#1e489a\"     data-bg=\"#ffffff\"  data-border_color=\"#2d2e42\" >[vc_single_image image=&#8221;420&#8243; img_size=&#8221;full&#8221; image_hovers=&#8221;false&#8221;][vc_separator color=&#8221;custom&#8221; border_width=&#8221;5&#8243; accent_color=&#8221;#1e489a&#8221;]<div class=\"aio-icon-component  vc_custom_1528961949232   style_1\"><div id=\"Info-box-wrap-3464\" class=\"aio-icon-box left-icon\" style=\"\"  ><div class=\"aio-icon-left\"><div class=\"ult-just-icon-wrapper  \"><div class=\"align-icon\" style=\"text-align:center;\">\n<div class=\"aio-icon square \"  style=\"color:#ffffff;background:#1e489a;font-size:32px;display:inline-block;\">\n\t<i class=\"Defaults-cog gear\"><\/i>\n<\/div><\/div><\/div><\/div><div class=\"aio-ibd-block\"><div class=\"aio-icon-header\" ><h3 class=\"aio-icon-title ult-responsive\"  data-ultimate-target='#Info-box-wrap-3464 .aio-icon-title'  data-responsive-json-new='{\"font-size\":\"desktop:23px;\",\"line-height\":\"\"}'  style=\"\">Kanalizime<\/h3><\/div> <!-- header --><\/div> <!-- aio-ibd-block --><\/div> <!-- aio-icon-box --><\/div> <!-- aio-icon-component -->[vc_separator color=&#8221;custom&#8221; accent_color=&#8221;#3466b8&#8243; css=&#8221;.vc_custom_1528098235335{margin-top: -45px !important;}&#8221;][vc_column_text css=&#8221;.vc_custom_1528103949643{margin-top: -20px !important;}&#8221;]<\/p>\n<p style=\"text-align: center;\"><span style=\"color: #000000; line-height: 14px;\">Tek ne do t\u00eb gjeni t\u00eb gjitha llojet e produkteve p\u00ebr kanalizime p\u00ebr nd\u00ebrtimet tuaja.<\/span><\/p>\n<p>[\/vc_column_text][vc_btn title=&#8221;M\u00cb TEP\u00cbR&#8221; style=&#8221;custom&#8221; custom_background=&#8221;#1e489a&#8221; custom_text=&#8221;#ffffff&#8221; shape=&#8221;square&#8221; size=&#8221;sm&#8221; align=&#8221;center&#8221; css=&#8221;.vc_custom_1528961919668{margin-top: -15px !important;}&#8221; link=&#8221;url:%2Findex.php%2Fsewers%2F%3Flang%3Dsq|||&#8221;]\t\t<\/div><\/div>[\/vc_column_inner][vc_column_inner width=&#8221;1\/3&#8243;]<div class=\"ult-content-box-container \" >\t\t<div class=\"ult-content-box\" style=\"background-color:#ffffff;box-shadow: px px px px none;border-style:solid;border-width:1px;border-color:#2d2e42;-webkit-transition: all 700ms ease;-moz-transition: all 700ms ease;-ms-transition: all 700ms ease;-o-transition: all 700ms ease;transition: all 700ms ease;\"  data-hover_box_shadow=\"none\"  data-hover_border_color=\"#1e489a\"     data-bg=\"#ffffff\"  data-border_color=\"#2d2e42\" >[vc_single_image image=&#8221;415&#8243; img_size=&#8221;full&#8221; image_hovers=&#8221;false&#8221;][vc_separator color=&#8221;custom&#8221; border_width=&#8221;5&#8243; accent_color=&#8221;#1e489a&#8221;]<div class=\"aio-icon-component  vc_custom_1528961955850   style_1\"><div id=\"Info-box-wrap-4919\" class=\"aio-icon-box left-icon\" style=\"\"  ><div class=\"aio-icon-left\"><div class=\"ult-just-icon-wrapper  \"><div class=\"align-icon\" style=\"text-align:center;\">\n<div class=\"aio-icon square \"  style=\"color:#ffffff;background:#1e489a;font-size:32px;display:inline-block;\">\n\t<i class=\"Defaults-wrench\"><\/i>\n<\/div><\/div><\/div><\/div><div class=\"aio-ibd-block\"><div class=\"aio-icon-header\" ><h3 class=\"aio-icon-title ult-responsive\"  data-ultimate-target='#Info-box-wrap-4919 .aio-icon-title'  data-responsive-json-new='{\"font-size\":\"desktop:23px;\",\"line-height\":\"\"}'  style=\"\">Industri<\/h3><\/div> <!-- header --><\/div> <!-- aio-ibd-block --><\/div> <!-- aio-icon-box --><\/div> <!-- aio-icon-component -->[vc_separator color=&#8221;custom&#8221; accent_color=&#8221;#3466b8&#8243; css=&#8221;.vc_custom_1528098235335{margin-top: -45px !important;}&#8221;][vc_column_text css=&#8221;.vc_custom_1528103967154{margin-top: -20px !important;}&#8221;]<\/p>\n<p style=\"text-align: center;\"><span style=\"color: #000000; line-height: 14px;\">Ne ofrojm\u00eb nj\u00eb gam\u00eb t\u00eb gjer\u00eb produktesh industriale p\u00ebr nd\u00ebrtimet tuaja.<\/span><\/p>\n<p>[\/vc_column_text][vc_btn title=&#8221;M\u00cb TEP\u00cbR&#8221; style=&#8221;custom&#8221; custom_background=&#8221;#1e489a&#8221; custom_text=&#8221;#ffffff&#8221; shape=&#8221;square&#8221; size=&#8221;sm&#8221; align=&#8221;center&#8221; css=&#8221;.vc_custom_1528961926247{margin-top: -15px !important;}&#8221; link=&#8221;url:%2Findex.php%2Findustry%2F%3Flang%3Dsq|||&#8221;]\t\t<\/div><\/div>[\/vc_column_inner][\/vc_row_inner][\/vc_column][\/vc_row]<\/p>\n<\/div>","protected":false},"excerpt":{"rendered":"<p>[vc_row full_width=&#8221;stretch_row&#8221; css=&#8221;.vc_custom_1527868829983{margin-top: -70px !important;}&#8221;][vc_column][vc_empty_space height=&#8221;52px&#8221;][vc_custom_heading text=&#8221;CFARE OFROJM\u00cb&#8221; font_container=&#8221;tag:h2|font_size:32px|text_align:center|color:%231e489a&#8221; google_fonts=&#8221;font_family:Fira%20Sans%3A300%2C300italic%2C400%2C400italic%2C500%2C500italic%2C700%2C700italic|font_style:500%20bold%20regular%3A500%3Anormal&#8221; css=&#8221;.vc_custom_1528961878014{margin-top: -20px !important;}&#8221;][vc_empty_space height=&#8221;15px&#8221;][vc_custom_heading text=&#8221;CDO DITE NE KRENOHEMI ME PUN\u00cbN TON\u00cb&#8221; font_container=&#8221;tag:h2|font_size:17px|text_align:center|color:%231e489a|line_height:25.6px&#8221; google_fonts=&#8221;font_family:Fira%20Sans%3A300%2C300italic%2C400%2C400italic%2C500%2C500italic%2C700%2C700italic|font_style:500%20bold%20regular%3A500%3Anormal&#8221; css=&#8221;.vc_custom_1528961886701{margin-top: -20px !important;}&#8221;][vc_empty_space height=&#8221;35px&#8221;][vc_row_inner gap=&#8221;35&#8243;][vc_column_inner width=&#8221;1\/3&#8243;][\/vc_column_inner][vc_column_inner width=&#8221;1\/3&#8243;][\/vc_column_inner][vc_column_inner width=&#8221;1\/3&#8243;][\/vc_column_inner][\/vc_row_inner][\/vc_column][\/vc_row]<\/p>\n","protected":false},"author":2,"featured_media":0,"parent":0,"menu_order":0,"comment_status":"closed","ping_status":"closed","template":"","meta":{"footnotes":""},"class_list":["post-692","page","type-page","status-publish","hentry","description-off"],"_links":{"self":[{"href":"https:\/\/hidromentori.com\/index.php\/wp-json\/wp\/v2\/pages\/692","targetHints":{"allow":["GET"]}}],"collection":[{"href":"https:\/\/hidromentori.com\/index.php\/wp-json\/wp\/v2\/pages"}],"about":[{"href":"https:\/\/hidromentori.com\/index.php\/wp-json\/wp\/v2\/types\/page"}],"author":[{"embeddable":true,"href":"https:\/\/hidromentori.com\/index.php\/wp-json\/wp\/v2\/users\/2"}],"replies":[{"embeddable":true,"href":"https:\/\/hidromentori.com\/index.php\/wp-json\/wp\/v2\/comments?post=692"}],"version-history":[{"count":4,"href":"https:\/\/hidromentori.com\/index.php\/wp-json\/wp\/v2\/pages\/692\/revisions"}],"predecessor-version":[{"id":960,"href":"https:\/\/hidromentori.com\/index.php\/wp-json\/wp\/v2\/pages\/692\/revisions\/960"}],"wp:attachment":[{"href":"https:\/\/hidromentori.com\/index.php\/wp-json\/wp\/v2\/media?parent=692"}],"curies":[{"name":"wp","href":"https:\/\/api.w.org\/{rel}","templated":true}]}}