{"id":724,"date":"2018-06-01T08:51:13","date_gmt":"2018-06-01T08:51:13","guid":{"rendered":"https:\/\/hidromentori.com\/index.php\/projects\/"},"modified":"2021-03-10T11:44:58","modified_gmt":"2021-03-10T11:44:58","slug":"projects","status":"publish","type":"page","link":"https:\/\/hidromentori.com\/index.php\/projects\/?lang=sq","title":{"rendered":"Projekte"},"content":{"rendered":"<div class=\"wpb-content-wrapper\"><p>[vc_row][vc_column width=&#8221;1\/3&#8243;]\n<div id=\"interactive-banner-1-wrap-4938\" class=\"ult-banner-block ult-adjust-bottom-margin ult-bb-box  banner-style01 \"   style=\"\">\n\t<img decoding=\"async\" src=\"https:\/\/hidromentori.com\/wp-content\/uploads\/2018\/06\/kamza.jpg\" alt=\"null\">\n\t<h3  data-ultimate-target='#interactive-banner-1-wrap-4938 .bb-top-title '  data-responsive-json-new='{\"font-size\":\"desktop:16px;\",\"line-height\":\"\"}'  class=\"title-center bb-top-title ult-responsive\" style=\"font-weight:bold;background:#1e489a;color:#ffffff;\">KAM\u00cbZ<\/h3>\n\t<div class=\"mask opaque-background\" style=\"background:rgba(43,43,43,0.69);\">\n\t\t<div  data-ultimate-target='#interactive-banner-1-wrap-4938 .bb-description'  data-responsive-json-new='{\"font-size\":\"\",\"line-height\":\"\"}'  class=\"bb-description ult-responsive\" style=\"font-weight:normal;color:#ffffff;\">REHABILITIMI DHE ZGJERIMI I RRJETIT T\u00cb FURNIZIMIT T\u00cb UJIT N\u00cb KAM\u00cbZ<\/div>\n\t<\/div><a class=\"bb-link\" href=\"\/index.php\/rehabilitation-and-extension-of-the-water-supply-network-in-kamza\/?lang=sq\" ><\/a>\n<\/div>[\/vc_column][vc_column width=&#8221;1\/3&#8243;]\n<div id=\"interactive-banner-1-wrap-1673\" class=\"ult-banner-block ult-adjust-bottom-margin ult-bb-box  banner-style01 \"   style=\"\">\n\t<img decoding=\"async\" src=\"https:\/\/hidromentori.com\/wp-content\/uploads\/2018\/06\/lushnja.jpg\" alt=\"null\">\n\t<h3  data-ultimate-target='#interactive-banner-1-wrap-1673 .bb-top-title '  data-responsive-json-new='{\"font-size\":\"desktop:16px;\",\"line-height\":\"\"}'  class=\"title-center bb-top-title ult-responsive\" style=\"font-weight:bold;background:#1e489a;color:#ffffff;\">LUSHNJE<\/h3>\n\t<div class=\"mask opaque-background\" style=\"background:rgba(43,43,43,0.69);\">\n\t\t<div  data-ultimate-target='#interactive-banner-1-wrap-1673 .bb-description'  data-responsive-json-new='{\"font-size\":\"\",\"line-height\":\"\"}'  class=\"bb-description ult-responsive\" style=\"font-weight:normal;color:#ffffff;\">PROJEKTI N\u00cb LUSHNJE: FURNIZIMI ME UJ\u00cb DHE PUNIME INXHINIERIKE <\/div>\n\t<\/div><a class=\"bb-link\" href=\"\/index.php\/lushnja-project-supply-and-civil-work\/?lang=sq\" ><\/a>\n<\/div>[\/vc_column][vc_column width=&#8221;1\/3&#8243;]\n<div id=\"interactive-banner-1-wrap-9453\" class=\"ult-banner-block ult-adjust-bottom-margin ult-bb-box  banner-style01 \"   style=\"\">\n\t<img decoding=\"async\" src=\"https:\/\/hidromentori.com\/wp-content\/uploads\/2018\/06\/Saranda-2-1.jpg\" alt=\"null\">\n\t<h3  data-ultimate-target='#interactive-banner-1-wrap-9453 .bb-top-title '  data-responsive-json-new='{\"font-size\":\"desktop:16px;\",\"line-height\":\"\"}'  class=\"title-center bb-top-title ult-responsive\" style=\"font-weight:bold;background:#1e489a;color:#ffffff;\">SARAND\u00cb<\/h3>\n\t<div class=\"mask opaque-background\" style=\"background:rgba(43,43,43,0.69);\">\n\t\t<div  data-ultimate-target='#interactive-banner-1-wrap-9453 .bb-description'  data-responsive-json-new='{\"font-size\":\"\",\"line-height\":\"\"}'  class=\"bb-description ult-responsive\" style=\"font-weight:normal;color:#ffffff;\">REHABILITIMI I RRJETIT T\u00cb FURNIZIMIT ME UJ\u00cb DHE KANALIZIMEVE N\u00cb SARAND\u00cb<\/div>\n\t<\/div><a class=\"bb-link\" href=\"\/index.php\/rehabilitation-of-the-water-supply-sewage-network-in-saranda\/?lang=sq\" ><\/a>\n<\/div>[\/vc_column][\/vc_row][vc_row][vc_column width=&#8221;1\/3&#8243;]\n<div id=\"interactive-banner-1-wrap-8919\" class=\"ult-banner-block ult-adjust-bottom-margin ult-bb-box  banner-style01 \"   style=\"\">\n\t<img decoding=\"async\" src=\"https:\/\/hidromentori.com\/wp-content\/uploads\/2018\/06\/gjirokastra.jpg\" alt=\"null\">\n\t<h3  data-ultimate-target='#interactive-banner-1-wrap-8919 .bb-top-title '  data-responsive-json-new='{\"font-size\":\"desktop:16px;\",\"line-height\":\"\"}'  class=\"title-center bb-top-title ult-responsive\" style=\"font-weight:bold;background:#1e489a;color:#ffffff;\">GJIROKAST\u00cbR<\/h3>\n\t<div class=\"mask opaque-background\" style=\"background:rgba(43,43,43,0.69);\">\n\t\t<div  data-ultimate-target='#interactive-banner-1-wrap-8919 .bb-description'  data-responsive-json-new='{\"font-size\":\"\",\"line-height\":\"\"}'  class=\"bb-description ult-responsive\" style=\"font-weight:normal;color:#ffffff;\">REHABILITIMI I RRJETIT T\u00cb FURNIZIMIT ME UJ\u00cb N\u00cb GJIROKASTER<\/div>\n\t<\/div><a class=\"bb-link\" href=\"\/index.php\/rehabilitation-of-the-water-supply-network-in-gjirokaster\/?lang=sq\" ><\/a>\n<\/div>[\/vc_column][vc_column width=&#8221;1\/3&#8243;]\n<div id=\"interactive-banner-1-wrap-2711\" class=\"ult-banner-block ult-adjust-bottom-margin ult-bb-box ult-banner-block-custom-height banner-style01 \"   style=\"height:307px;\">\n\t<img decoding=\"async\" src=\"https:\/\/hidromentori.com\/wp-content\/uploads\/2018\/06\/lezhe.jpg\" alt=\"null\">\n\t<h3  data-ultimate-target='#interactive-banner-1-wrap-2711 .bb-top-title '  data-responsive-json-new='{\"font-size\":\"desktop:16px;\",\"line-height\":\"\"}'  class=\"title-center bb-top-title ult-responsive\" style=\"font-weight:bold;background:#1e489a;color:#ffffff;\">LEZH\u00cb<\/h3>\n\t<div class=\"mask opaque-background\" style=\"background:rgba(43,43,43,0.69);\">\n\t\t<div  data-ultimate-target='#interactive-banner-1-wrap-2711 .bb-description'  data-responsive-json-new='{\"font-size\":\"\",\"line-height\":\"\"}'  class=\"bb-description ult-responsive\" style=\"font-weight:normal;color:#ffffff;\">REHABILITIMI I RRJETIT T\u00cb FURNIZIMIT T\u00cb UJIT N\u00cb LEZH\u00cb<\/div>\n\t<\/div><a class=\"bb-link\" href=\"\/index.php\/rehabilitation-of-the-water-supply-network-in-lezhe\/?lang=sq\" ><\/a>\n<\/div>[\/vc_column][vc_column width=&#8221;1\/3&#8243;]\n<div id=\"interactive-banner-1-wrap-1807\" class=\"ult-banner-block ult-adjust-bottom-margin ult-bb-box ult-banner-block-custom-height banner-style01 \"   style=\"height:307px;\">\n\t<img decoding=\"async\" src=\"https:\/\/hidromentori.com\/wp-content\/uploads\/2018\/06\/durres_0-1-1.jpg\" alt=\"null\">\n\t<h3  data-ultimate-target='#interactive-banner-1-wrap-1807 .bb-top-title '  data-responsive-json-new='{\"font-size\":\"desktop:16px;\",\"line-height\":\"\"}'  class=\"title-center bb-top-title ult-responsive\" style=\"font-weight:bold;background:#1e489a;color:#ffffff;\">DURR\u00cbS<\/h3>\n\t<div class=\"mask opaque-background\" style=\"background:rgba(43,43,43,0.69);\">\n\t\t<div  data-ultimate-target='#interactive-banner-1-wrap-1807 .bb-description'  data-responsive-json-new='{\"font-size\":\"\",\"line-height\":\"\"}'  class=\"bb-description ult-responsive\" style=\"font-weight:normal;color:#ffffff;\">REHABILITIMI I FURNIZIMIT ME UJ\u00cb DURR\u00cbS<\/div>\n\t<\/div><a class=\"bb-link\" href=\"\/index.php\/durres-water-supply-system\/?lang=sq\" ><\/a>\n<\/div>[\/vc_column][\/vc_row][vc_row][vc_column][vc_custom_heading text=&#8221;Nd\u00ebrtimi \/ Rind\u00ebrtimi i Sistemeve t\u00eb Uj\u00ebsjell\u00ebsit n\u00eb Zonat Rurale n\u00eb Shqip\u00ebri&#8221; font_container=&#8221;tag:h3|text_align:center|color:%233466b8&#8243; use_theme_fonts=&#8221;yes&#8221;][vc_empty_space height=&#8221;30px&#8221;][\/vc_column][\/vc_row][vc_row][vc_column width=&#8221;1\/3&#8243;]\n<div id=\"interactive-banner-1-wrap-1911\" class=\"ult-banner-block ult-adjust-bottom-margin ult-bb-box ult-banner-block-custom-height banner-style01 \"   style=\"height:290px;\">\n\t<img decoding=\"async\" src=\"https:\/\/hidromentori.com\/wp-content\/uploads\/2021\/03\/KORCA-LOT.jpg\" alt=\"null\">\n\t<h3  data-ultimate-target='#interactive-banner-1-wrap-1911 .bb-top-title '  data-responsive-json-new='{\"font-size\":\"desktop:16px;\",\"line-height\":\"\"}'  class=\"title-center bb-top-title ult-responsive\" style=\"font-weight:bold;background:#1e489a;color:#ffffff;\">LOT 1 <\/h3>\n\t<div class=\"mask opaque-background\" style=\"background:rgba(43,43,43,0.69);\">\n\t\t<div  data-ultimate-target='#interactive-banner-1-wrap-1911 .bb-description'  data-responsive-json-new='{\"font-size\":\"\",\"line-height\":\"\"}'  class=\"bb-description ult-responsive\" style=\"font-weight:normal;color:#ffffff;\">LOT 1 NE DEVOLL, KORCE DHE PERRENJAS<\/div>\n\t<\/div><a class=\"bb-link\" href=\"https:\/\/hidromentori.com\/index.php\/lot-1-ne-devoll-korce-dhe-perrenjas\/?lang=sq\" ><\/a>\n<\/div>[\/vc_column][vc_column width=&#8221;1\/3&#8243;]\n<div id=\"interactive-banner-1-wrap-2717\" class=\"ult-banner-block ult-adjust-bottom-margin ult-bb-box ult-banner-block-custom-height banner-style01 \"   style=\"height:290px;\">\n\t<img decoding=\"async\" src=\"https:\/\/hidromentori.com\/wp-content\/uploads\/2021\/03\/DIBER.jpg\" alt=\"null\">\n\t<h3  data-ultimate-target='#interactive-banner-1-wrap-2717 .bb-top-title '  data-responsive-json-new='{\"font-size\":\"desktop:16px;\",\"line-height\":\"\"}'  class=\"title-center bb-top-title ult-responsive\" style=\"font-weight:bold;background:#1e489a;color:#ffffff;\">LOT 2 <\/h3>\n\t<div class=\"mask opaque-background\" style=\"background:rgba(43,43,43,0.69);\">\n\t\t<div  data-ultimate-target='#interactive-banner-1-wrap-2717 .bb-description'  data-responsive-json-new='{\"font-size\":\"\",\"line-height\":\"\"}'  class=\"bb-description ult-responsive\" style=\"font-weight:normal;color:#ffffff;\">LOT 2 NE DIBER, KLOS, TROPOJE, LEZHE DHE MAT<\/div>\n\t<\/div><a class=\"bb-link\" href=\"https:\/\/hidromentori.com\/index.php\/lot-2-ne-diber-klos-tropoje-lezhe-dhe-mat\/?lang=sq\" ><\/a>\n<\/div>[\/vc_column][vc_column width=&#8221;1\/3&#8243;]\n<div id=\"interactive-banner-1-wrap-3115\" class=\"ult-banner-block ult-adjust-bottom-margin ult-bb-box ult-banner-block-custom-height banner-style01 \"   style=\"height:290px;\">\n\t<img decoding=\"async\" src=\"https:\/\/hidromentori.com\/wp-content\/uploads\/2018\/06\/durres_0-1-1.jpg\" alt=\"null\">\n\t<h3  data-ultimate-target='#interactive-banner-1-wrap-3115 .bb-top-title '  data-responsive-json-new='{\"font-size\":\"desktop:16px;\",\"line-height\":\"\"}'  class=\"title-center bb-top-title ult-responsive\" style=\"font-weight:bold;background:#1e489a;color:#ffffff;\">LOT 4<\/h3>\n\t<div class=\"mask opaque-background\" style=\"background:rgba(43,43,43,0.69);\">\n\t\t<div  data-ultimate-target='#interactive-banner-1-wrap-3115 .bb-description'  data-responsive-json-new='{\"font-size\":\"\",\"line-height\":\"\"}'  class=\"bb-description ult-responsive\" style=\"font-weight:normal;color:#ffffff;\">LOT 4 NE TIRANE DHE DURRES<\/div>\n\t<\/div><a class=\"bb-link\" href=\"https:\/\/hidromentori.com\/index.php\/lot-4-ne-tirane-dhe-durres\/?lang=sq\" ><\/a>\n<\/div>[\/vc_column][\/vc_row][vc_row][vc_column width=&#8221;1\/3&#8243;]\n<div id=\"interactive-banner-1-wrap-7855\" class=\"ult-banner-block ult-adjust-bottom-margin ult-bb-box ult-banner-block-custom-height banner-style01 \"   style=\"height:290px;\">\n\t<img decoding=\"async\" src=\"https:\/\/hidromentori.com\/wp-content\/uploads\/2021\/03\/bovilla.jpg\" alt=\"null\">\n\t<h3  data-ultimate-target='#interactive-banner-1-wrap-7855 .bb-top-title '  data-responsive-json-new='{\"font-size\":\"desktop:16px;\",\"line-height\":\"\"}'  class=\"title-center bb-top-title ult-responsive\" style=\"font-weight:bold;background:#1e489a;color:#ffffff;\">BOVILLA<\/h3>\n\t<div class=\"mask opaque-background\" style=\"background:rgba(43,43,43,0.69);\">\n\t\t<div  data-ultimate-target='#interactive-banner-1-wrap-7855 .bb-description'  data-responsive-json-new='{\"font-size\":\"\",\"line-height\":\"\"}'  class=\"bb-description ult-responsive\" style=\"font-weight:normal;color:#ffffff;\">CONSTRUCTION OF NEW WATER SUPPLY PIPELINE FROM BOVILLA RESERVOIR TO WATER TREATMENT PLANT AND BYPASS<\/div>\n\t<\/div><a class=\"bb-link\" href=\"https:\/\/hidromentori.com\/index.php\/construction-of-new-water-supply-pipeline-from-bovilla-reservoir-to-water-treatment-plant-and-bypass\/?lang=sq\" ><\/a>\n<\/div>[\/vc_column][vc_column width=&#8221;1\/3&#8243;][\/vc_column][vc_column width=&#8221;1\/3&#8243;][\/vc_column][\/vc_row]<\/p>\n<\/div>","protected":false},"excerpt":{"rendered":"<p>[vc_row][vc_column width=&#8221;1\/3&#8243;][\/vc_column][vc_column width=&#8221;1\/3&#8243;][\/vc_column][vc_column width=&#8221;1\/3&#8243;][\/vc_column][\/vc_row][vc_row][vc_column width=&#8221;1\/3&#8243;][\/vc_column][vc_column width=&#8221;1\/3&#8243;][\/vc_column][vc_column width=&#8221;1\/3&#8243;][\/vc_column][\/vc_row][vc_row][vc_column][vc_custom_heading text=&#8221;Nd\u00ebrtimi \/ Rind\u00ebrtimi i Sistemeve t\u00eb Uj\u00ebsjell\u00ebsit n\u00eb Zonat Rurale n\u00eb Shqip\u00ebri&#8221; font_container=&#8221;tag:h3|text_align:center|color:%233466b8&#8243; use_theme_fonts=&#8221;yes&#8221;][vc_empty_space height=&#8221;30px&#8221;][\/vc_column][\/vc_row][vc_row][vc_column width=&#8221;1\/3&#8243;][\/vc_column][vc_column width=&#8221;1\/3&#8243;][\/vc_column][vc_column width=&#8221;1\/3&#8243;][\/vc_column][\/vc_row][vc_row][vc_column width=&#8221;1\/3&#8243;][\/vc_column][vc_column width=&#8221;1\/3&#8243;][\/vc_column][vc_column width=&#8221;1\/3&#8243;][\/vc_column][\/vc_row]<\/p>\n","protected":false},"author":2,"featured_media":0,"parent":0,"menu_order":0,"comment_status":"closed","ping_status":"closed","template":"","meta":{"footnotes":""},"class_list":["post-724","page","type-page","status-publish","hentry","description-off"],"_links":{"self":[{"href":"https:\/\/hidromentori.com\/index.php\/wp-json\/wp\/v2\/pages\/724","targetHints":{"allow":["GET"]}}],"collection":[{"href":"https:\/\/hidromentori.com\/index.php\/wp-json\/wp\/v2\/pages"}],"about":[{"href":"https:\/\/hidromentori.com\/index.php\/wp-json\/wp\/v2\/types\/page"}],"author":[{"embeddable":true,"href":"https:\/\/hidromentori.com\/index.php\/wp-json\/wp\/v2\/users\/2"}],"replies":[{"embeddable":true,"href":"https:\/\/hidromentori.com\/index.php\/wp-json\/wp\/v2\/comments?post=724"}],"version-history":[{"count":15,"href":"https:\/\/hidromentori.com\/index.php\/wp-json\/wp\/v2\/pages\/724\/revisions"}],"predecessor-version":[{"id":1231,"href":"https:\/\/hidromentori.com\/index.php\/wp-json\/wp\/v2\/pages\/724\/revisions\/1231"}],"wp:attachment":[{"href":"https:\/\/hidromentori.com\/index.php\/wp-json\/wp\/v2\/media?parent=724"}],"curies":[{"name":"wp","href":"https:\/\/api.w.org\/{rel}","templated":true}]}}