{"id":744,"date":"2018-06-01T09:08:18","date_gmt":"2018-06-01T09:08:18","guid":{"rendered":"https:\/\/hidromentori.com\/index.php\/rehabilitation-of-the-water-supply-network-in-lezhe\/"},"modified":"2018-06-13T11:10:51","modified_gmt":"2018-06-13T11:10:51","slug":"rehabilitation-of-the-water-supply-network-in-lezhe","status":"publish","type":"page","link":"https:\/\/hidromentori.com\/index.php\/rehabilitation-of-the-water-supply-network-in-lezhe\/?lang=sq","title":{"rendered":"Rehabilitimi i rrjetit t\u00eb furnizimit me uj\u00eb n\u00eb Lezh\u00eb"},"content":{"rendered":"<div class=\"wpb-content-wrapper\"><p>[vc_row][vc_column][vc_custom_heading text=&#8221;REHABILITIMI I RRJETIT T\u00cb FURNIZIMIT T\u00cb UJIT N\u00cb LEZH\u00cb&#8221; font_container=&#8221;tag:h2|font_size:28px|text_align:left|color:%233466b8|line_height:30px&#8221; google_fonts=&#8221;font_family:Fira%20Sans%3A300%2C300italic%2C400%2C400italic%2C500%2C500italic%2C700%2C700italic|font_style:500%20bold%20regular%3A500%3Anormal&#8221;][vc_separator color=&#8221;custom&#8221; align=&#8221;align_left&#8221; border_width=&#8221;2&#8243; el_width=&#8221;20&#8243; accent_color=&#8221;#3466b8&#8243;][vc_column_text css=&#8221;.vc_custom_1528888248084{margin-top: -15px !important;}&#8221;]<\/p>\n<p style=\"text-align: left;\">Tender Nr.: ALB-ST-SW-1003-INT-STP-2013-LE<\/p>\n<p style=\"text-align: left;\">Kontraktor: Strabag AG \u2013 Nenkontraktor: Junik Shpk &#8211;\u00a0Furnizues NT.Mentori Shpk<\/p>\n<p>[\/vc_column_text][\/vc_column][\/vc_row][vc_row][vc_column width=&#8221;1\/3&#8243;][vc_single_image image=&#8221;871&#8243; img_size=&#8221;full&#8221; alignment=&#8221;center&#8221; image_hovers=&#8221;false&#8221;][\/vc_column][vc_column width=&#8221;1\/3&#8243;][vc_single_image image=&#8221;873&#8243; img_size=&#8221;full&#8221; alignment=&#8221;center&#8221; image_hovers=&#8221;false&#8221;][\/vc_column][vc_column width=&#8221;1\/3&#8243;][vc_single_image image=&#8221;875&#8243; img_size=&#8221;full&#8221; alignment=&#8221;center&#8221; image_hovers=&#8221;false&#8221;][\/vc_column][\/vc_row][vc_row][vc_column][vc_column_text]<\/p>\n<table border=\"1\">\n<tbody>\n<tr>\n<td style=\"font-size: 18px;\"><strong>No.<\/strong><\/td>\n<td style=\"font-size: 18px; weight: 900;\"><strong>Description<\/strong><\/td>\n<td style=\"font-size: 18px;\"><strong>Quantity Supplied<\/strong><\/td>\n<\/tr>\n<tr>\n<td><\/td>\n<td><strong>Short data for materials supplied from NT Mentori Shpk<\/strong><\/td>\n<td><\/td>\n<\/tr>\n<tr>\n<td>1<\/td>\n<td>HDPE 100 Pipes diameter 20-400 mm<\/td>\n<td>180.000 meter<\/td>\n<\/tr>\n<tr>\n<td>2<\/td>\n<td>Electrofusion Fittings, Couplings, Tees, Pressure Tapping Tees, Pressure Tapping Valves, Saddles, Bends, Reducers, End Caps,<\/p>\n<p>etc diameter 20-400 mm<\/td>\n<td>30.000 pieces<\/td>\n<\/tr>\n<tr>\n<td>3<\/td>\n<td>DCI Resilient Seated Gate Valves, Double Eccentric Butterfly Valves, Float Valve, Non Return Valve, Hydrants, Service Valves, Spindles,<\/p>\n<p>Surface Boxes, Flange Adaptors, Multi Joints, Dismantling Pieces, Repair Clamps, Pipe Saddle, Air Valves, Pressure Reduction Valves,<\/p>\n<p>Strainers and accessories diameter 80 \u2013 500 mm<\/td>\n<td>5.000 pieces<\/td>\n<\/tr>\n<tr>\n<td>4<\/td>\n<td>DCI Fittings, Flanged Tee, Flanged Bends, Double Flanged Pipe, Flanged Spigot, Flenged Reducer, Blind Flanges, Flap Valves<\/p>\n<p>ect diameter 80-500 mm<\/td>\n<td>1.300 pieces<\/td>\n<\/tr>\n<tr>\n<td>5<\/td>\n<td>Domestic Water Meters and and Stop Valves diameter 15-50 mm<\/td>\n<td>14.000 pieces<\/td>\n<\/tr>\n<tr>\n<td>6<\/td>\n<td>Leak and Pipe detection equipment<\/td>\n<td>4 pieces<\/td>\n<\/tr>\n<\/tbody>\n<\/table>\n<p>[\/vc_column_text][\/vc_column][\/vc_row]<\/p>\n<\/div>","protected":false},"excerpt":{"rendered":"<p>[vc_row][vc_column][vc_custom_heading text=&#8221;REHABILITIMI I RRJETIT T\u00cb FURNIZIMIT T\u00cb UJIT N\u00cb LEZH\u00cb&#8221; font_container=&#8221;tag:h2|font_size:28px|text_align:left|color:%233466b8|line_height:30px&#8221; google_fonts=&#8221;font_family:Fira%20Sans%3A300%2C300italic%2C400%2C400italic%2C500%2C500italic%2C700%2C700italic|font_style:500%20bold%20regular%3A500%3Anormal&#8221;][vc_separator color=&#8221;custom&#8221; align=&#8221;align_left&#8221; border_width=&#8221;2&#8243; el_width=&#8221;20&#8243; accent_color=&#8221;#3466b8&#8243;][vc_column_text css=&#8221;.vc_custom_1528888248084{margin-top: -15px !important;}&#8221;] Tender Nr.: ALB-ST-SW-1003-INT-STP-2013-LE Kontraktor: Strabag AG \u2013 Nenkontraktor: Junik Shpk &#8211;\u00a0Furnizues NT.Mentori Shpk [\/vc_column_text][\/vc_column][\/vc_row][vc_row][vc_column width=&#8221;1\/3&#8243;][vc_single_image image=&#8221;871&#8243; img_size=&#8221;full&#8221; alignment=&#8221;center&#8221; image_hovers=&#8221;false&#8221;][\/vc_column][vc_column width=&#8221;1\/3&#8243;][vc_single_image image=&#8221;873&#8243; img_size=&#8221;full&#8221; alignment=&#8221;center&#8221; image_hovers=&#8221;false&#8221;][\/vc_column][vc_column width=&#8221;1\/3&#8243;][vc_single_image image=&#8221;875&#8243; img_size=&#8221;full&#8221; alignment=&#8221;center&#8221; image_hovers=&#8221;false&#8221;][\/vc_column][\/vc_row][vc_row][vc_column][vc_column_text] No. Description Quantity Supplied Short data&hellip;<\/p>\n","protected":false},"author":2,"featured_media":0,"parent":0,"menu_order":0,"comment_status":"closed","ping_status":"closed","template":"","meta":{"footnotes":""},"class_list":["post-744","page","type-page","status-publish","hentry","description-off"],"_links":{"self":[{"href":"https:\/\/hidromentori.com\/index.php\/wp-json\/wp\/v2\/pages\/744","targetHints":{"allow":["GET"]}}],"collection":[{"href":"https:\/\/hidromentori.com\/index.php\/wp-json\/wp\/v2\/pages"}],"about":[{"href":"https:\/\/hidromentori.com\/index.php\/wp-json\/wp\/v2\/types\/page"}],"author":[{"embeddable":true,"href":"https:\/\/hidromentori.com\/index.php\/wp-json\/wp\/v2\/users\/2"}],"replies":[{"embeddable":true,"href":"https:\/\/hidromentori.com\/index.php\/wp-json\/wp\/v2\/comments?post=744"}],"version-history":[{"count":5,"href":"https:\/\/hidromentori.com\/index.php\/wp-json\/wp\/v2\/pages\/744\/revisions"}],"predecessor-version":[{"id":945,"href":"https:\/\/hidromentori.com\/index.php\/wp-json\/wp\/v2\/pages\/744\/revisions\/945"}],"wp:attachment":[{"href":"https:\/\/hidromentori.com\/index.php\/wp-json\/wp\/v2\/media?parent=744"}],"curies":[{"name":"wp","href":"https:\/\/api.w.org\/{rel}","templated":true}]}}