{"id":750,"date":"2018-05-31T11:12:13","date_gmt":"2018-05-31T11:12:13","guid":{"rendered":"https:\/\/hidromentori.com\/index.php\/news\/"},"modified":"2018-06-04T09:51:55","modified_gmt":"2018-06-04T09:51:55","slug":"news","status":"publish","type":"page","link":"https:\/\/hidromentori.com\/index.php\/news\/?lang=sq","title":{"rendered":"T\u00eb Rejat"},"content":{"rendered":"<div class=\"wpb-content-wrapper\"><p>[vc_row el_class=&#8221;rowclass&#8221; css=&#8221;.vc_custom_1527765146342{padding-top: 15px !important;}&#8221;][vc_column width=&#8221;1\/3&#8243;][vc_single_image image=&#8221;82&#8243; img_size=&#8221;full&#8221; alignment=&#8221;center&#8221; image_hovers=&#8221;false&#8221;][\/vc_column][vc_column width=&#8221;2\/3&#8243;][vc_empty_space height=&#8221;15px&#8221;][vc_column_text]<\/p>\n<h3 class=\"post-title entry-title text-uppercase\">ADRESA E RE E ZYR\u00cbS<\/h3>\n<p>Duam t&#8217;ju informojm\u00eb se ne kemi ndryshuar adres\u00ebn kryesore t\u00eb zyr\u00ebs n\u00eb Tiran\u00eb.<\/p>\n<p>Zyra jon\u00eb e re ndodhet af\u00ebr qendr\u00ebs s\u00eb Tiran\u00ebs n\u00eb:<\/p>\n<p>Rruga &#8220;Kajo Karafili&#8221;, Hyrja Nr 2, Apt 22, 1000-Tiran\u00eb, Shqip\u00ebri<\/p>\n<p>Faleminderit![\/vc_column_text][\/vc_column][\/vc_row]<\/p>\n<\/div>","protected":false},"excerpt":{"rendered":"<p>[vc_row el_class=&#8221;rowclass&#8221; css=&#8221;.vc_custom_1527765146342{padding-top: 15px !important;}&#8221;][vc_column width=&#8221;1\/3&#8243;][vc_single_image image=&#8221;82&#8243; img_size=&#8221;full&#8221; alignment=&#8221;center&#8221; image_hovers=&#8221;false&#8221;][\/vc_column][vc_column width=&#8221;2\/3&#8243;][vc_empty_space height=&#8221;15px&#8221;][vc_column_text] ADRESA E RE E ZYR\u00cbS Duam t&#8217;ju informojm\u00eb se ne kemi ndryshuar adres\u00ebn kryesore t\u00eb zyr\u00ebs n\u00eb Tiran\u00eb. Zyra jon\u00eb e re ndodhet af\u00ebr qendr\u00ebs s\u00eb Tiran\u00ebs n\u00eb: Rruga &#8220;Kajo Karafili&#8221;, Hyrja Nr 2, Apt 22, 1000-Tiran\u00eb, Shqip\u00ebri Faleminderit![\/vc_column_text][\/vc_column][\/vc_row]<\/p>\n","protected":false},"author":2,"featured_media":0,"parent":0,"menu_order":0,"comment_status":"closed","ping_status":"closed","template":"","meta":{"footnotes":""},"class_list":["post-750","page","type-page","status-publish","hentry","description-off"],"_links":{"self":[{"href":"https:\/\/hidromentori.com\/index.php\/wp-json\/wp\/v2\/pages\/750","targetHints":{"allow":["GET"]}}],"collection":[{"href":"https:\/\/hidromentori.com\/index.php\/wp-json\/wp\/v2\/pages"}],"about":[{"href":"https:\/\/hidromentori.com\/index.php\/wp-json\/wp\/v2\/types\/page"}],"author":[{"embeddable":true,"href":"https:\/\/hidromentori.com\/index.php\/wp-json\/wp\/v2\/users\/2"}],"replies":[{"embeddable":true,"href":"https:\/\/hidromentori.com\/index.php\/wp-json\/wp\/v2\/comments?post=750"}],"version-history":[{"count":2,"href":"https:\/\/hidromentori.com\/index.php\/wp-json\/wp\/v2\/pages\/750\/revisions"}],"predecessor-version":[{"id":752,"href":"https:\/\/hidromentori.com\/index.php\/wp-json\/wp\/v2\/pages\/750\/revisions\/752"}],"wp:attachment":[{"href":"https:\/\/hidromentori.com\/index.php\/wp-json\/wp\/v2\/media?parent=750"}],"curies":[{"name":"wp","href":"https:\/\/api.w.org\/{rel}","templated":true}]}}